{"id":5703,"date":"2023-07-05T01:26:10","date_gmt":"2023-07-04T22:26:10","guid":{"rendered":"http:\/\/www.odessaistanbultango.com\/?page_id=5703"},"modified":"2023-07-05T01:41:06","modified_gmt":"2023-07-04T22:41:06","slug":"program-3","status":"publish","type":"page","link":"https:\/\/www.odessaistanbultango.com\/tr\/program-3\/","title":{"rendered":"Program"},"content":{"rendered":"<div class=\"vc_row wpb_row vc_row-fluid\"><div class=\"wpb_column vc_column_container vc_col-sm-12\"><div class=\"vc_column-inner\"><div class=\"wpb_wrapper\">\n\t<div class=\"wpb_text_column wpb_content_element\" >\n\t\t<div class=\"wpb_wrapper\">\n\t\t\t<h1 style=\"text-align: center;\"><strong>Program<\/strong><\/h1>\n<p style=\"text-align: center;\"><strong>\u00a0<\/strong><\/p>\n\n\t\t<\/div>\n\t<\/div>\n<\/div><\/div><\/div><\/div><div class=\"vc_row wpb_row vc_row-fluid\"><div class=\"wpb_column vc_column_container vc_col-sm-4\"><div class=\"vc_column-inner\"><div class=\"wpb_wrapper\">\n\t<div class=\"wpb_text_column wpb_content_element\" >\n\t\t<div class=\"wpb_wrapper\">\n\t\t\t<p><strong>15 \u015eubat Per\u015fembe<\/strong><br \/>\n20:30-01:30 Pre-Party milonga.<br \/>\nDj.<br \/>\n<strong>16 \u015eubat Cuma<br \/>\n<\/strong>14:00-19:00 G\u00fcnd\u00fcz milongas\u0131.<strong><br \/>\n<\/strong>21:00-03:00 Gece milongas\u0131.<br \/>\nDj.<br \/>\n<strong>17 \u015eubat Cumartesi<\/strong><br \/>\n14:00-19:00 G\u00fcnd\u00fcz milongas\u0131.<br \/>\nDj.<br \/>\n22:00-04:00 Gece milongas\u0131.<br \/>\nDj.<br \/>\n<strong>18 \u015eubat Pazar<\/strong><br \/>\n14:00-19:00 \u00d6\u011fleden sonra milonga.<br \/>\nDj.<br \/>\n22:00-04:00 Gece milongas\u0131.<br \/>\nDj.<\/p>\n<p>Tango Maraton Mekan\u0131:<\/p>\n<p>Green Park Otel Pendik (Milonga Otel)<br \/>\nKaynarca, Erol Kaya Cd No:204, 34890 Pendik\/\u0130stanbul-TURKEY<\/p>\n<p>&nbsp;<\/p>\n\n\t\t<\/div>\n\t<\/div>\n<\/div><\/div><\/div><div class=\"wpb_column vc_column_container vc_col-sm-4\"><div class=\"vc_column-inner\"><div class=\"wpb_wrapper\">\n\t<div class=\"wpb_text_column wpb_content_element\" >\n\t\t<div class=\"wpb_wrapper\">\n\t\t\t<p><strong>\u0427\u0435\u0442\u0432\u0435\u0440\u0433,\u00a0 15 \u0424\u0435\u0432\u0440\u0430\u043b\u044f<\/strong><br \/>\n20:30-01:30 Pre-Party<br \/>\nDj.<br \/>\n<strong>\u041f\u044f\u0442\u043d\u0438\u0446\u0430, 16 \u0424\u0435\u0432\u0440\u0430\u043b\u044f<br \/>\n<\/strong>14:00-19:00 \u0414\u043d\u0435\u0432\u043d\u0430\u044f \u043c\u0438\u043b\u043e\u043d\u0433\u0430.<strong><br \/>\n<\/strong>21:00-03:00 \u041d\u043e\u0447\u043d\u0430\u044f \u043c\u0438\u043b\u043e\u043d\u0433\u0430.<br \/>\nDj.<br \/>\n<strong>\u0421\u0443\u0431\u0431\u043e\u0442\u0430,\u00a0 17 \u0424\u0435\u0432\u0440\u0430\u043b\u044f<br \/>\n<\/strong>14:00-19:00 \u0414\u043d\u0435\u0432\u043d\u0430\u044f \u043c\u0438\u043b\u043e\u043d\u0433\u0430.<br \/>\nDj.<br \/>\n22:00-04:00 \u041d\u043e\u0447\u043d\u0430\u044f \u043c\u0438\u043b\u043e\u043d\u0433\u0430.<br \/>\nDj.<br \/>\n<strong>\u0412\u043e\u0441\u043a\u0440\u0435\u0441\u0435\u043d\u044c\u0435,\u00a0 18 \u0424\u0435\u0432\u0440\u0430\u043b\u044f<br \/>\n<\/strong>14:00-19:00 \u0414\u043d\u0435\u0432\u043d\u0430\u044f \u043c\u0438\u043b\u043e\u043d\u0433\u0430.<br \/>\nDj.<br \/>\n22:00-04:00 \u041d\u043e\u0447\u043d\u0430\u044f \u043c\u0438\u043b\u043e\u043d\u0433\u0430.<br \/>\nDj.<\/p>\n<p>\u041c\u0435\u0441\u0442\u043e \u043f\u0440\u043e\u0432\u0435\u0434\u0435\u043d\u0438\u0435 :<br \/>\nGreen Park Otel Pendik (Milonga Otel)<br \/>\nKaynarca, Erol Kaya Cd No:204, 34890 Pendik\/\u0130stanbul-TURKEY<\/p>\n<p>&nbsp;<\/p>\n\n\t\t<\/div>\n\t<\/div>\n<\/div><\/div><\/div><div class=\"wpb_column vc_column_container vc_col-sm-4\"><div class=\"vc_column-inner\"><div class=\"wpb_wrapper\">\n\t<div class=\"wpb_text_column wpb_content_element\" >\n\t\t<div class=\"wpb_wrapper\">\n\t\t\t<p><strong>Thursday, February 15<br \/>\n<\/strong>20:30-01:30 Pre-Party milonga.<br \/>\nDj.<br \/>\n<strong>Friday, February 16<br \/>\n<\/strong>14:00-19:00 G\u00fcnd\u00fcz Milongas\u0131<br \/>\nDj.<br \/>\n21:00-03:00 Gece Milongas\u0131<br \/>\nDj.<br \/>\n<strong>Saturday, February 17<br \/>\n<\/strong>14:00-19:00 G\u00fcnd\u00fcz Milongas\u0131<br \/>\nDj.<br \/>\n22:00-04:00 Gece Milongas\u0131<br \/>\nDj.<br \/>\n<strong>Sunday, February 18<br \/>\n<\/strong>14:00-19:00 G\u00fcnd\u00fcz Milongas\u0131<br \/>\nDj.<br \/>\n22:00-04:00 Gece Milongas\u0131<br \/>\nDj.<\/p>\n<p>Tango Marathon Venue:<br \/>\nGreen Park Otel Pendik (Milonga Otel)<br \/>\nKaynarca, Erol Kaya Cd No:204, 34890 Pendik\/\u0130stanbul-TURKEY<\/p>\n<p>&nbsp;<\/p>\n\n\t\t<\/div>\n\t<\/div>\n<\/div><\/div><\/div><\/div>","protected":false},"excerpt":{"rendered":"Program \u00a0 15 \u015eubat Per\u015fembe 20:30-01:30 Pre-Party milonga. Dj. 16 \u015eubat Cuma 14:00-19:00 G\u00fcnd\u00fcz milongas\u0131. 21:00-03:00 Gece milongas\u0131. Dj. 17 \u015eubat Cumartesi 14:00-19:00 G\u00fcnd\u00fcz milongas\u0131. Dj. 22:00-04:00 Gece milongas\u0131. Dj. 18 \u015eubat Pazar 14:00-19:00 \u00d6\u011fleden sonra milonga. Dj. 22:00-04:00 Gece milongas\u0131. Dj. Tango Maraton Mekan\u0131: Green Park Otel Pendik (Milonga Otel) Kaynarca, Erol Kaya Cd [...]","protected":false},"author":1,"featured_media":0,"parent":0,"menu_order":0,"comment_status":"closed","ping_status":"closed","template":"","meta":[],"_links":{"self":[{"href":"https:\/\/www.odessaistanbultango.com\/tr\/wp-json\/wp\/v2\/pages\/5703"}],"collection":[{"href":"https:\/\/www.odessaistanbultango.com\/tr\/wp-json\/wp\/v2\/pages"}],"about":[{"href":"https:\/\/www.odessaistanbultango.com\/tr\/wp-json\/wp\/v2\/types\/page"}],"author":[{"embeddable":true,"href":"https:\/\/www.odessaistanbultango.com\/tr\/wp-json\/wp\/v2\/users\/1"}],"replies":[{"embeddable":true,"href":"https:\/\/www.odessaistanbultango.com\/tr\/wp-json\/wp\/v2\/comments?post=5703"}],"version-history":[{"count":2,"href":"https:\/\/www.odessaistanbultango.com\/tr\/wp-json\/wp\/v2\/pages\/5703\/revisions"}],"predecessor-version":[{"id":5727,"href":"https:\/\/www.odessaistanbultango.com\/tr\/wp-json\/wp\/v2\/pages\/5703\/revisions\/5727"}],"wp:attachment":[{"href":"https:\/\/www.odessaistanbultango.com\/tr\/wp-json\/wp\/v2\/media?parent=5703"}],"curies":[{"name":"wp","href":"https:\/\/api.w.org\/{rel}","templated":true}]}}