{"id":3228,"date":"2018-10-11T14:10:30","date_gmt":"2018-10-11T11:10:30","guid":{"rendered":"http:\/\/www.odessaistanbultango.com\/?page_id=3228"},"modified":"2026-01-17T23:39:18","modified_gmt":"2026-01-17T20:39:18","slug":"program","status":"publish","type":"page","link":"https:\/\/www.odessaistanbultango.com\/tr\/program\/","title":{"rendered":"Program"},"content":{"rendered":"<div class=\"vc_row wpb_row vc_row-fluid\"><div class=\"wpb_column vc_column_container vc_col-sm-12\"><div class=\"vc_column-inner\"><div class=\"wpb_wrapper\">\n\t<div class=\"wpb_text_column wpb_content_element\" >\n\t\t<div class=\"wpb_wrapper\">\n\t\t\t<h1 style=\"text-align: center;\"><strong>Program<\/strong><\/h1>\n<p style=\"text-align: center;\"><strong>\u00a0<\/strong><\/p>\n\n\t\t<\/div>\n\t<\/div>\n<\/div><\/div><\/div><\/div><div class=\"vc_row wpb_row vc_row-fluid\"><div class=\"wpb_column vc_column_container vc_col-sm-4\"><div class=\"vc_column-inner\"><div class=\"wpb_wrapper\">\n\t<div class=\"wpb_text_column wpb_content_element\" >\n\t\t<div class=\"wpb_wrapper\">\n\t\t\t\n\t\t<\/div>\n\t<\/div>\n<\/div><\/div><\/div><\/div><div class=\"vc_row wpb_row vc_row-fluid\"><div class=\"wpb_column vc_column_container vc_col-sm-4\"><div class=\"vc_column-inner\"><div class=\"wpb_wrapper\">\n\t<div class=\"wpb_text_column wpb_content_element\" >\n\t\t<div class=\"wpb_wrapper\">\n\t\t\t<p><strong>11 \u015eubat 2026 \u00c7ar\u015famba<\/strong><br \/>\n20:30-01:30\u00a0 milonga.<br \/>\nDj. Murat Tandogan-TURK-UKR<br \/>\n<strong>12 \u015eubat 2026 Per\u015fembe<\/strong><br \/>\n20:30-01:30 Pre-Party milonga.<br \/>\nDj. Christiana Neofytou-CYPRUS<br \/>\n<strong>13 \u015eubat 2026 Cuma<\/strong><br \/>\n14:00-19:00 G\u00fcnd\u00fcz Milongas\u0131<br \/>\nDj. Danilo Caravaggio-ITALY<br \/>\n22:00-04:00 Gece Milongas\u0131<br \/>\nDj. Sergios Tsagkaris-GRRECE<br \/>\n<strong>14 \u015eubat 2026 Cumartesi<\/strong><br \/>\n14:00-19:00 G\u00fcnd\u00fcz Milongas\u0131<br \/>\nDj. Emre Duyu-TURKIYE<br \/>\n22:00-04:00 Gece Milongas\u0131<br \/>\nDj. Roberto Tucci-ITALY<br \/>\n<strong>15 February Sunday<\/strong><br \/>\n14:00-19:00 G\u00fcnd\u00fcz Milongas\u0131<br \/>\nDj. Aliya Kuanysheva-KAZAKHSTAN<br \/>\n22:00-04:00 Gece Milongas\u0131<br \/>\nDj. Patrick Demars-FRANCE<\/p>\n<p>Tango Maratonu'nun mekan\u0131:<br \/>\nGreen Park Otel Pendik (Milonga Otel)Green Park Otel Pendik<br \/>\nKaynarca, Erol Kaya Cd No:204, 34890 Pendik\/\u0130stanbul-TURKEY<\/p>\n\n\t\t<\/div>\n\t<\/div>\n<\/div><\/div><\/div><\/div><div class=\"vc_row wpb_row vc_row-fluid\"><div class=\"wpb_column vc_column_container vc_col-sm-12\"><div class=\"vc_column-inner\"><div class=\"wpb_wrapper\">\n\t<div class=\"wpb_text_column wpb_content_element\" >\n\t\t<div class=\"wpb_wrapper\">\n\t\t\t\n\t\t<\/div>\n\t<\/div>\n<\/div><\/div><\/div><\/div>","protected":false},"excerpt":{"rendered":"Program \u00a0 11 February Wednesday 20:30-01:30\u00a0 milonga. Dj. Murat Tandogan-TURK-UKR 12 February Thursday 20:30-01:30 Pre-Party milonga. Dj. Christiana Neofytou-CYPRUS 13 February Friday 14:00-19:00 Day milonga. Dj. Danilo Caravaggio-ITALY 22:00-04:00 Night milonga. Dj. Sergios Tsagkaris-GRRECE 14 February Saturday 14:00-19:00 Day milonga. Dj. Emre Duyu-TURKIYE 22:00-04:00 Night milonga. Dj. Roberto Tucci-ITALY 15 February Sunday 14:00-19:00 Day milonga. [...]","protected":false},"author":1,"featured_media":0,"parent":0,"menu_order":0,"comment_status":"closed","ping_status":"closed","template":"","meta":[],"_links":{"self":[{"href":"https:\/\/www.odessaistanbultango.com\/tr\/wp-json\/wp\/v2\/pages\/3228"}],"collection":[{"href":"https:\/\/www.odessaistanbultango.com\/tr\/wp-json\/wp\/v2\/pages"}],"about":[{"href":"https:\/\/www.odessaistanbultango.com\/tr\/wp-json\/wp\/v2\/types\/page"}],"author":[{"embeddable":true,"href":"https:\/\/www.odessaistanbultango.com\/tr\/wp-json\/wp\/v2\/users\/1"}],"replies":[{"embeddable":true,"href":"https:\/\/www.odessaistanbultango.com\/tr\/wp-json\/wp\/v2\/comments?post=3228"}],"version-history":[{"count":66,"href":"https:\/\/www.odessaistanbultango.com\/tr\/wp-json\/wp\/v2\/pages\/3228\/revisions"}],"predecessor-version":[{"id":5993,"href":"https:\/\/www.odessaistanbultango.com\/tr\/wp-json\/wp\/v2\/pages\/3228\/revisions\/5993"}],"wp:attachment":[{"href":"https:\/\/www.odessaistanbultango.com\/tr\/wp-json\/wp\/v2\/media?parent=3228"}],"curies":[{"name":"wp","href":"https:\/\/api.w.org\/{rel}","templated":true}]}}