{"id":25,"date":"2017-05-17T20:05:52","date_gmt":"2017-05-17T20:05:52","guid":{"rendered":"http:\/\/www.odessaistanbultango.com\/?page_id=25"},"modified":"2023-06-18T20:38:43","modified_gmt":"2023-06-18T17:38:43","slug":"contacts","status":"publish","type":"page","link":"https:\/\/www.odessaistanbultango.com\/tr\/contacts\/","title":{"rendered":"\u0130LET\u0130\u015e\u0130M"},"content":{"rendered":"<section data-vc-full-width=\"true\" data-vc-full-width-init=\"false\" class=\"vc_section\"><div class=\"vc_row wpb_row vc_row-fluid\"><div class=\"wpb_column vc_column_container vc_col-sm-6\"><div class=\"vc_column-inner\"><div class=\"wpb_wrapper\"><div class=\"heading  color-main subcolor-main transform-header-up   vc_custom_1539257751801\" id=\"like_sc_header_433472167\"><h3 class=\"header\">Bizimle \u0130leti\u015fme Ge\u00e7in!<\/h3><\/div>\n\t<div class=\"wpb_text_column wpb_content_element\" >\n\t\t<div class=\"wpb_wrapper\">\n\t\t\t<p>\u00d6zel bir sorunuz varsa \u2013 \u00e7ekinmeden burada sorabilirsiniz.\n\nL\u00fctfen e-postam\u0131 ald\u0131\u011f\u0131n\u0131zda, her \u015feyin yaz\u0131l\u0131 onay\u0131n\u0131 bana g\u00f6nderin.<\/p>\n\n\t\t<\/div>\n\t<\/div>\n<div class=\"align-default\"><ul class=\"social-icons-list   vc_custom_1687109881737 icon-weight-bold\" id=\"like_sc_header_1923805794\"><li class=\"\"><span class=\"fa fa-phone\"><\/span><span class=\"head\">+380667324468 Murat<\/span><\/li><li class=\"\"><span class=\"fa fa-phone\"><\/span><span class=\"head\">+905325472248 Murat<\/span><\/li><li class=\"\"><span class=\"fa fa-phone\"><\/span><span class=\"head\">+380674254290 Kateryna<\/span><\/li><li class=\"\"><span class=\"fa fa-map-marker\"><\/span><span class=\"head\">Odessa, Ukraine<\/span><\/li><\/ul><\/div><\/div><\/div><\/div><div class=\"wpb_column vc_column_container vc_col-sm-6 vc_col-has-fill bg-repeat-x bg-pos-center-top\"><div class=\"vc_column-inner vc_custom_1508350667352\"><div class=\"wpb_wrapper\"><div class=\"ltx-contact-form-7 transform-default form-bg-gray form-style-secondary form-btn-default form-btn-default form-padding-default\" id=\"like_sc_contact_form_7_1982669607\"><div role=\"form\" class=\"wpcf7\" id=\"wpcf7-f3239-o1\" lang=\"tr-TR\" dir=\"ltr\">\n<div class=\"screen-reader-response\"><\/div>\n<form action=\"\/tr\/wp-json\/wp\/v2\/pages\/25#wpcf7-f3239-o1\" method=\"post\" class=\"wpcf7-form\" novalidate=\"novalidate\" data-trp-original-action=\"\/tr\/wp-json\/wp\/v2\/pages\/25#wpcf7-f3239-o1\">\n<div style=\"display: none;\">\n<input type=\"hidden\" name=\"_wpcf7\" value=\"3239\" \/>\n<input type=\"hidden\" name=\"_wpcf7_version\" value=\"5.1.1\" \/>\n<input type=\"hidden\" name=\"_wpcf7_locale\" value=\"tr_TR\" \/>\n<input type=\"hidden\" name=\"_wpcf7_unit_tag\" value=\"wpcf7-f3239-o1\" \/>\n<input type=\"hidden\" name=\"_wpcf7_container_post\" value=\"0\" \/>\n<input type=\"hidden\" name=\"g-recaptcha-response\" value=\"\" \/>\n<\/div>\n<p><label> Ad\u0131n\u0131z *<br \/>\n    <span class=\"wpcf7-form-control-wrap your-name\"><input type=\"text\" name=\"your-name\" value=\"\" size=\"40\" class=\"wpcf7-form-control wpcf7-text wpcf7-validates-as-required\" aria-required=\"true\" aria-invalid=\"false\" \/><\/span> <\/label><\/p>\n<p><label> E-posta Adresiniz *<br \/>\n    <span class=\"wpcf7-form-control-wrap your-email\"><input type=\"email\" name=\"your-email\" value=\"\" size=\"40\" class=\"wpcf7-form-control wpcf7-text wpcf7-email wpcf7-validates-as-required wpcf7-validates-as-email\" aria-required=\"true\" aria-invalid=\"false\" \/><\/span> <\/label><\/p>\n<p><label> Konu<br \/>\n    <span class=\"wpcf7-form-control-wrap your-subject\"><input type=\"text\" name=\"your-subject\" value=\"\" size=\"40\" class=\"wpcf7-form-control wpcf7-text\" aria-invalid=\"false\" \/><\/span> <\/label><\/p>\n<p><label> Mesaj\u0131n\u0131z<br \/>\n    <span class=\"wpcf7-form-control-wrap your-message\"><textarea name=\"your-message\" cols=\"40\" rows=\"10\" class=\"wpcf7-form-control wpcf7-textarea\" aria-invalid=\"false\"><\/textarea><\/span> <\/label><\/p>\n\n<p><input type=\"submit\" value=\"G\u00f6nder\" class=\"wpcf7-form-control wpcf7-submit\" \/><\/p>\n<div class=\"wpcf7-response-output wpcf7-display-none\"><\/div><input type=\"hidden\" name=\"trp-form-language\" value=\"tr\"\/><\/form><\/div><\/div><\/div><\/div><\/div><\/div><\/section><div class=\"vc_row-full-width vc_clearfix\"><\/div>","protected":false},"excerpt":{"rendered":"Contact Us! If you have a special question - be free to ask here \\ \u0415\u0441\u043b\u0438 \u0443 \u0432\u0430\u0441 \u0435\u0441\u0442\u044c \u0432\u043e\u043f\u0440\u043e\u0441, \u043c\u043e\u0436\u0435\u0442\u0435 \u043d\u0430\u043f\u0438\u0441\u0430\u0442\u044c \u0435\u0433\u043e \u0437\u0434\u0435\u0441\u044c.Please when you will receive my e-mail send me all writing confirm +380667324468 Murat+905325472248 Murat+380674254290 KaterynaOdessa, Ukraine Your Name* Your E-mail* Subject Your Massage","protected":false},"author":1,"featured_media":0,"parent":0,"menu_order":0,"comment_status":"closed","ping_status":"closed","template":"","meta":[],"_links":{"self":[{"href":"https:\/\/www.odessaistanbultango.com\/tr\/wp-json\/wp\/v2\/pages\/25"}],"collection":[{"href":"https:\/\/www.odessaistanbultango.com\/tr\/wp-json\/wp\/v2\/pages"}],"about":[{"href":"https:\/\/www.odessaistanbultango.com\/tr\/wp-json\/wp\/v2\/types\/page"}],"author":[{"embeddable":true,"href":"https:\/\/www.odessaistanbultango.com\/tr\/wp-json\/wp\/v2\/users\/1"}],"replies":[{"embeddable":true,"href":"https:\/\/www.odessaistanbultango.com\/tr\/wp-json\/wp\/v2\/comments?post=25"}],"version-history":[{"count":5,"href":"https:\/\/www.odessaistanbultango.com\/tr\/wp-json\/wp\/v2\/pages\/25\/revisions"}],"predecessor-version":[{"id":5713,"href":"https:\/\/www.odessaistanbultango.com\/tr\/wp-json\/wp\/v2\/pages\/25\/revisions\/5713"}],"wp:attachment":[{"href":"https:\/\/www.odessaistanbultango.com\/tr\/wp-json\/wp\/v2\/media?parent=25"}],"curies":[{"name":"wp","href":"https:\/\/api.w.org\/{rel}","templated":true}]}}