{"id":2296,"date":"2017-10-10T16:43:51","date_gmt":"2017-10-10T16:43:51","guid":{"rendered":"http:\/\/www.odessaistanbultango.com\/?page_id=2296"},"modified":"2025-05-09T01:43:06","modified_gmt":"2025-05-08T22:43:06","slug":"about-us","status":"publish","type":"page","link":"https:\/\/www.odessaistanbultango.com\/tr\/about-us\/","title":{"rendered":"HAKKIMIZDA"},"content":{"rendered":"<section data-vc-full-width=\"true\" data-vc-full-width-init=\"false\" class=\"vc_section\"><div class=\"vc_row wpb_row vc_row-fluid\"><div class=\"wpb_column vc_column_container vc_col-sm-12\"><div class=\"vc_column-inner\"><div class=\"wpb_wrapper\"><div class=\"heading  head-subheader align-center color-white subcolor-second transform-default   vc_custom_1539209605406\" id=\"like_sc_header_931902921\"><h4 class=\"subheader\">Biz kimiz?<\/h4><\/div><div class=\"es-resp\">\t<div class=\"hidden-sm hidden-ms hidden-xs\" style=\"height: 32px;\"><\/div>\t<div class=\"hidden-xl hidden-lg hidden-md hidden-xs\" style=\"height: 16px;\"><\/div>\t<div class=\"visible-xs\" style=\"height: 0px;\"><\/div><\/div><\/div><\/div><\/div><\/div><div data-vc-full-width=\"true\" data-vc-full-width-init=\"false\" class=\"vc_row wpb_row vc_row-fluid\"><div class=\"wpb_column vc_column_container vc_col-sm-4 vc_hidden-xs\"><div class=\"vc_column-inner\"><div class=\"wpb_wrapper\">\n\t<div  class=\"wpb_single_image wpb_content_element vc_align_center\">\n\t\t<h2 class=\"wpb_heading wpb_singleimage_heading\">KATERYNA TESLIA<\/h2>\n\t\t<figure class=\"wpb_wrapper vc_figure\">\n\t\t\t<div class=\"vc_single_image-wrapper   vc_box_border_grey\"><img width=\"300\" height=\"300\" src=\"https:\/\/www.odessaistanbultango.com\/wp-content\/uploads\/2022\/11\/kate.png\" class=\"vc_single_image-img attachment-full\" alt=\"\" loading=\"lazy\" srcset=\"https:\/\/www.odessaistanbultango.com\/wp-content\/uploads\/2022\/11\/kate.png 300w, https:\/\/www.odessaistanbultango.com\/wp-content\/uploads\/2022\/11\/kate-150x150.png 150w, https:\/\/www.odessaistanbultango.com\/wp-content\/uploads\/2022\/11\/kate-75x75.png 75w\" sizes=\"(max-width: 300px) 100vw, 300px\" \/><\/div>\n\t\t<\/figure>\n\t<\/div>\n\n\t<div  class=\"wpb_single_image wpb_content_element vc_align_center\">\n\t\t<h2 class=\"wpb_heading wpb_singleimage_heading\">MURAT TANDOGAN<\/h2>\n\t\t<figure class=\"wpb_wrapper vc_figure\">\n\t\t\t<div class=\"vc_single_image-wrapper   vc_box_border_grey\"><img width=\"286\" height=\"286\" src=\"https:\/\/www.odessaistanbultango.com\/wp-content\/uploads\/2022\/11\/murat-son.png\" class=\"vc_single_image-img attachment-full\" alt=\"\" loading=\"lazy\" srcset=\"https:\/\/www.odessaistanbultango.com\/wp-content\/uploads\/2022\/11\/murat-son.png 286w, https:\/\/www.odessaistanbultango.com\/wp-content\/uploads\/2022\/11\/murat-son-150x150.png 150w, https:\/\/www.odessaistanbultango.com\/wp-content\/uploads\/2022\/11\/murat-son-75x75.png 75w\" sizes=\"(max-width: 286px) 100vw, 286px\" \/><\/div>\n\t\t<\/figure>\n\t<\/div>\n<\/div><\/div><\/div><div class=\"wpb_column vc_column_container vc_col-sm-8 text-align-right-lg\"><div class=\"vc_column-inner\"><div class=\"wpb_wrapper\"><div class=\"es-resp\">\t<div class=\"hidden-sm hidden-ms hidden-xs\" style=\"height: 50px;\"><\/div>\t<div class=\"hidden-xl hidden-lg hidden-md hidden-xs\" style=\"height: 0px;\"><\/div>\t<div class=\"visible-xs\" style=\"height: 0px;\"><\/div><\/div>\n\t<div class=\"wpb_text_column wpb_content_element\" >\n\t\t<div class=\"wpb_wrapper\">\n\t\t\t<p>\u00d6ncelikle ritim (ses, hareket) ve dokunma (sar\u0131lma, kucakla\u015fma) \u00fczerine kurulu bir dans tangosudur. \u201cHem ad\u0131n\u0131 bilmeden kalp at\u0131\u015flar\u0131n\u0131 hissedebilece\u011fimiz kadar yak\u0131n dans etti\u011fimiz partnerimizi, hem de ritmi ve melodisi kalbimizde bir \u015feye dokunan m\u00fczi\u011fi kucaklad\u0131\u011f\u0131m\u0131z bir dans tangosudur.\u201d Tango, her t\u00fcrl\u00fc duygunun m\u00fczikte bulu\u015ftu\u011fu ve s\u00f6zc\u00fcklerin son buldu\u011fu dansta e\u015fsiz bir ileti\u015fimdir. Tango: \u015eairlerin s\u0131kl\u0131kla dile getirmeye \u00e7al\u0131\u015ft\u0131\u011f\u0131 gibi, bir kavgan\u0131n bir kutlamaya d\u00f6n\u00fc\u015febilece\u011fi inanc\u0131n\u0131n do\u011frudan ifadesidir. \u201cTango, kelimelere ihtiya\u00e7 duymadan kendini ve kar\u015f\u0131ndakini anlama ve bilme sanat\u0131d\u0131r. Tango, tam olarak tan\u0131mlanamayan, tarif edilemeyen, asl\u0131nda i\u00e7imizde bilinen, ki\u015fiye g\u00f6re \u015fekillenen ve de\u011fi\u015fen bir olayd\u0131r.\u201d Bu ilkeyle yola \u00e7\u0131kan ve 2011 y\u0131l\u0131nda tangoyla tan\u0131\u015fan Murat Tando\u011fan, ilk tango festivalini 2017 y\u0131l\u0131nda Ukrayna'n\u0131n Odessa kentinde Odesa \u0130stanbul Tango ad\u0131yla d\u00fczenlemi\u015ftir. Kendisine her zaman destek olan Kateryna Tesla e\u015flik ediyordu. Bu \u015fehirde y\u0131lda 7 kez iki etkinlik d\u00fczenleniyordu: \u015eubat ay\u0131nda bir maraton ve Haziran ay\u0131nda bir festival. \u015eubat 2022 olay\u0131ndan sonra \u00fclkeler aras\u0131ndaki sava\u015ftan sonra \u0130stanbul'a d\u00f6nmeye ve etkinliklere \u0130stanbul'da devam etmeye karar verildi.<\/p>\n<p><strong>Sevgili Tango dostlar\u0131,<br \/>\nSizi s\u0131cak bir \u015fekilde vakit ge\u00e7irmeye davet ediyoruz <\/strong><strong>Bu harika K\u0131\u015f Maratonu, 11-16 \u015eubat 2026 tarihleri \u200b\u200baras\u0131nda Pendik\/\u0130STANBUL'da ger\u00e7ekle\u015fecek.<\/strong><\/p>\n<p><strong>Odessa\u274bIstanbul K\u0131\u015f Tango Maratonu.<br \/>\nMuhte\u015fem mekanlar ve maksimum 300 ki\u015fiyle s\u0131n\u0131rl\u0131, T\u00fcrkiye, Ukrayna, \u0130talya, L\u00fcbnan, Almanya, K\u0131br\u0131s, Rusya, Moldova, Romanya, Bulgaristan, Polonya, Amerika'dan tanguerolar ve tangueralar,<br \/>\n<\/strong><strong>Danimarka, \u0130spanya, Hollanda,<\/strong><strong>Macaristan, Litvanya, Yunanistan<br \/>\nFransa, Letonya, Estonya, \u0130sve\u00e7, Norve\u00e7 ve Avrupa ve D\u00fcnaydan bir \u00e7ok \u00fclke.<br \/>\n40 saatdan fazla dans.<\/strong><\/p>\n<p>Sponsor: Luvi Diamond\u00a0 \u00a0<img loading=\"lazy\" class=\"alignnone size-full wp-image-3305\" src=\"http:\/\/www.odessaistanbultango.com\/wp-content\/uploads\/2018\/10\/\u0130simsiz-2-3.jpg\" alt=\"\" width=\"64\" height=\"48\" \/><\/p>\n\n\t\t<\/div>\n\t<\/div>\n<\/div><\/div><\/div><\/div><div class=\"vc_row-full-width vc_clearfix\"><\/div><\/section><div class=\"vc_row-full-width vc_clearfix\"><\/div>","protected":false},"excerpt":{"rendered":"Who We Are? KATERYNA TESLIA MURAT TANDOGAN First of all, it is a dance tango based on rhythm (sound, movement) and touch (hugging, embracing). \"It is a dance tango in which we embrace both our partner, with whom we dance so close that we can feel their heartbeat without even knowing their name, and the [...]","protected":false},"author":1,"featured_media":0,"parent":0,"menu_order":0,"comment_status":"closed","ping_status":"closed","template":"","meta":[],"_links":{"self":[{"href":"https:\/\/www.odessaistanbultango.com\/tr\/wp-json\/wp\/v2\/pages\/2296"}],"collection":[{"href":"https:\/\/www.odessaistanbultango.com\/tr\/wp-json\/wp\/v2\/pages"}],"about":[{"href":"https:\/\/www.odessaistanbultango.com\/tr\/wp-json\/wp\/v2\/types\/page"}],"author":[{"embeddable":true,"href":"https:\/\/www.odessaistanbultango.com\/tr\/wp-json\/wp\/v2\/users\/1"}],"replies":[{"embeddable":true,"href":"https:\/\/www.odessaistanbultango.com\/tr\/wp-json\/wp\/v2\/comments?post=2296"}],"version-history":[{"count":30,"href":"https:\/\/www.odessaistanbultango.com\/tr\/wp-json\/wp\/v2\/pages\/2296\/revisions"}],"predecessor-version":[{"id":5948,"href":"https:\/\/www.odessaistanbultango.com\/tr\/wp-json\/wp\/v2\/pages\/2296\/revisions\/5948"}],"wp:attachment":[{"href":"https:\/\/www.odessaistanbultango.com\/tr\/wp-json\/wp\/v2\/media?parent=2296"}],"curies":[{"name":"wp","href":"https:\/\/api.w.org\/{rel}","templated":true}]}}