{"id":2093,"date":"2017-09-11T14:20:06","date_gmt":"2017-09-11T14:20:06","guid":{"rendered":"http:\/\/www.odessaistanbultango.com\/?page_id=2093"},"modified":"2026-03-02T23:02:55","modified_gmt":"2026-03-02T20:02:55","slug":"homepage","status":"publish","type":"page","link":"https:\/\/www.odessaistanbultango.com\/tr\/","title":{"rendered":"Homepage"},"content":{"rendered":"<section data-vc-full-width=\"true\" data-vc-full-width-init=\"false\" data-vc-stretch-content=\"true\" class=\"vc_section text-align-center\"><div data-vc-full-width=\"true\" data-vc-full-width-init=\"false\" data-vc-stretch-content=\"true\" class=\"vc_row wpb_row vc_row-fluid vc_row-no-padding\"><div class=\"wpb_column vc_column_container vc_col-sm-12\"><div class=\"vc_column-inner\"><div class=\"wpb_wrapper\"><div class=\"slider-zoom  zoom-default zoom-color-white zoom-align-center zoom-style-default overlay-dots bullets-false\" id=\"like_sc_zoom_slider_94482078\" data-zs-prev=\"prev\" data-zs-next=\"next\" data-zs-overlay=\"dots\" data-zs-initzoom=\"1.2\"  data-zs-speed=\"20000\" data-zs-interval=\"4500\" data-zs-switchspeed=\"7000\" data-zs-arrows=\"false\" data-zs-bullets=\"false\" data-zs-src='[&#34;https:\\\/\\\/www.odessaistanbultango.com\\\/wp-content\\\/uploads\\\/2026\\\/03\\\/e49a1804-16ba-4113-a885-0881666e7ad2.jpg&#34;,&#34;https:\\\/\\\/www.odessaistanbultango.com\\\/wp-content\\\/uploads\\\/2026\\\/03\\\/91a58541-98db-4a30-9068-ee3966313f79.jpg&#34;,&#34;https:\\\/\\\/www.odessaistanbultango.com\\\/wp-content\\\/uploads\\\/2026\\\/03\\\/a0e84bc5-ec12-43a1-94a5-95054931145e-e1772481858438.jpg&#34;]' data-zs-src2=''>\r\n\t\t<div class=\"container\">\r\n\t\t\t<div class=\"slider-inner\">\r\n\t\t\t\t<div class=\"es-resp\">\t<div class=\"hidden-sm hidden-ms hidden-xs\" style=\"height: 210px;\"><\/div>\t<div class=\"hidden-xl hidden-lg hidden-md hidden-xs\" style=\"height: 130px;\"><\/div>\t<div class=\"visible-xs\" style=\"height: 200px;\"><\/div><\/div><div class=\"heading  heading-large shadow align-center color-main subcolor-main transform-default   vc_custom_1772464103516\" id=\"like_sc_header_1448198104\"><h1 class=\"header\">ISTANBUL<\/h1><h3 class=\"subheader\">10-15 FEBRUARY 2027<\/h3><\/div><div class=\"heading  heading-xl default align-center color-second subcolor-main transform-all-up   vc_custom_1747914547716\" id=\"like_sc_header_15931591\"><h2 class=\"header\">Odessa &amp; Istanbul<\/h2><\/div><div class=\"heading  heading-large default align-center color-white subcolor-main transform-default   vc_custom_1747914562294\" id=\"like_sc_header_468539622\"><h2 class=\"header\">K\u0131\u015f Tango Maratonu<\/h2><\/div><div class=\"ltx-content-width width-0\" style=\"max-width: 770px\">\n\t<div class=\"wpb_text_column wpb_content_element  vc_custom_1554103395861\">\n\t\t<div class=\"wpb_wrapper\">\n\t\t\t<p>Kay\u0131t i\u00e7in t\u0131klay\u0131n\u0131z...<\/p>\n\n\t\t<\/div>\n\t<\/div>\n<\/div><div class=\"es-resp\">\t<div class=\"hidden-sm hidden-ms hidden-xs\" style=\"height: 48px;\"><\/div>\t<div class=\"hidden-xl hidden-lg hidden-md hidden-xs\" style=\"height: 48px;\"><\/div>\t<div class=\"visible-xs\" style=\"height: 48px;\"><\/div><\/div><div class=\"btn-wrap align-center btn-wrap-inline\"><a href=\"https:\/\/www.odessaistanbultango.com\/tr\/registration\/\" class=\"btn  btn-second transform-default color-text-white color-hover-white align-center   vc_custom_1720270812406\" id=\"like_sc_button_1566229517\">Kay\u0131t<\/a><\/div><div class=\"es-resp\">\t<div class=\"hidden-sm hidden-ms hidden-xs\" style=\"height: 110px;\"><\/div>\t<div class=\"hidden-xl hidden-lg hidden-md hidden-xs\" style=\"height: 110px;\"><\/div>\t<div class=\"visible-xs\" style=\"height: 110px;\"><\/div><\/div><div class=\"es-resp\">\t<div class=\"hidden-sm hidden-ms hidden-xs\" style=\"height: 120px;\"><\/div>\t<div class=\"hidden-xl hidden-lg hidden-md hidden-xs\" style=\"height: 120px;\"><\/div>\t<div class=\"visible-xs\" style=\"height: 120px;\"><\/div><\/div>\r\n\t\t\t<\/div>\r\n\t\t<\/div>\r\n\t<\/div><\/div><\/div><\/div><\/div><div class=\"vc_row-full-width vc_clearfix\"><\/div><\/section><div class=\"vc_row-full-width vc_clearfix\"><\/div><section data-vc-full-width=\"true\" data-vc-full-width-init=\"false\" class=\"vc_section vc_custom_1515326691326 vc_section-has-fill bg-color-black bg-pos-center-top displaced-top\"><div data-vc-full-width=\"true\" data-vc-full-width-init=\"false\" class=\"vc_row wpb_row vc_row-fluid vc_custom_1510348346015 vc_row-has-fill bg-pos-center-bottom displaced-top text-align-center\"><div class=\"wpb_column vc_column_container vc_col-sm-12\"><div class=\"vc_column-inner\"><div class=\"wpb_wrapper\"><div class=\"heading  head-subheader align-center color-white subcolor-second transform-default\" id=\"like_sc_header_930367658\"><h5 class=\"subheader\">Biz kimiz?<\/h5><h2 class=\"header\">Odessa &amp; Istanbul K\u0131\u015f Tango Maratonu<\/h2><\/div><div class=\"vc_separator wpb_content_element vc_separator_align_center vc_sep_width_100 vc_sep_pos_align_center vc_sep_color_grey vc_separator-has-text\" ><span class=\"vc_sep_holder vc_sep_holder_l\"><span  class=\"vc_sep_line\"><\/span><\/span><h4>Dear Tango friends, We warmly invite you to spend this wonderful winter marathon from the 10-15 February 2027 in ISTANBUL,Odessa&amp;Istanbul Winter Tango Marathon. Amazing venues,Tango 5 days we will be all together in hotel 300 people limited. Tangueros and tangueras from Turkey,Ukraine,Moldovia,Bulgaria,Italy,America,Poland,Sweden,Latvia,Norway,French,Russia,Canada,Cyprus,England,Holland,Poland,Denmark,Germany,Korea Greece,Spain,Hungary and from some European cities too.. More than 40 hours of dance Save the date and stay tuned for more information regarding the detailed program, accommodation, price packages,other surprises.<\/h4><span class=\"vc_sep_holder vc_sep_holder_r\"><span  class=\"vc_sep_line\"><\/span><\/span>\n<\/div><div class=\"es-resp\">\t<div class=\"hidden-sm hidden-ms hidden-xs\" style=\"height: 90px;\"><\/div>\t<div class=\"hidden-xl hidden-lg hidden-md hidden-xs\" style=\"height: 90px;\"><\/div>\t<div class=\"visible-xs\" style=\"height: 90px;\"><\/div><\/div><a href=\"https:\/\/www.youtube.com\/watch?v=uyDX9lC2UeU\" class=\"swipebox image-video    vc_custom_1583581279292\"  id=\"like_sc_image_header_837937861\"><img src=\"https:\/\/www.odessaistanbultango.com\/wp-content\/uploads\/2020\/03\/DSC7459.jpg\" class=\"image\" alt=\"\"><span><\/span><\/a><\/div><\/div><\/div><\/div><div class=\"vc_row-full-width vc_clearfix\"><\/div><\/section><div class=\"vc_row-full-width vc_clearfix\"><\/div><div class=\"vc_row wpb_row vc_row-fluid\"><div class=\"wpb_column vc_column_container vc_col-sm-12\"><div class=\"vc_column-inner\"><div class=\"wpb_wrapper\"><\/div><\/div><\/div><\/div><div data-vc-full-width=\"true\" data-vc-full-width-init=\"false\" class=\"vc_row wpb_row vc_row-fluid bg-color-second\"><div class=\"wpb_column vc_column_container vc_col-sm-12\"><div class=\"vc_column-inner\"><div class=\"wpb_wrapper\"><div class=\"es-resp\">\t<div class=\"hidden-sm hidden-ms hidden-xs\" style=\"height: 110px;\"><\/div>\t<div class=\"hidden-xl hidden-lg hidden-md hidden-xs\" style=\"height: 110px;\"><\/div>\t<div class=\"visible-xs\" style=\"height: 110px;\"><\/div><\/div><div class=\"heading  head-subheader align-center color-white subcolor-black transform-default\" id=\"like_sc_header_732749102\"><h5 class=\"subheader\">Dj'lerden<\/h5><h2 class=\"header\">SON DJ SETLER\u0130<\/h2><\/div><div  class=\"ltx-media-element\">\r\n\t<div class=\"row\">\r\n\t\t<div class=\"col-lg-1\">\r\n\t\t\t<div class=\"track\"><h5>01<\/h5><\/div>\r\n\t\t<\/div>\r\n\t\t<div class=\"col-lg-9\">\r\n\t\t\t<div class=\"meta\">\r\n\t\t\t\t<h5 class=\"second\">Orquesta Romantica<\/h5>\r\n\t\t\t\t<span class=\"author\">Odessa &amp; Istanbul Special Tango Music Invierno<\/span>\r\n\t\t\t<\/div>\r\n\t\t<\/div>\r\n\t\t<div class=\"col-lg-2\">\r\n\t\t\t<div class=\"media-content\">\r\n\t\t\t\t<!--[if lt IE 9]><script>document.createElement('audio');<\/script><![endif]-->\n<audio class=\"wp-audio-shortcode\" id=\"audio-2093-1\" preload=\"metadata\" style=\"width: 100%;\" controls=\"controls\"><source type=\"audio\/mpeg\" src=\"https:\/\/www.odessaistanbultango.com\/wp-content\/uploads\/2020\/03\/73-Invierno.mp3?_=1\" \/><a href=\"https:\/\/www.odessaistanbultango.com\/wp-content\/uploads\/2020\/03\/73-Invierno.mp3\">https:\/\/www.odessaistanbultango.com\/wp-content\/uploads\/2020\/03\/73-Invierno.mp3<\/a><\/audio>\r\n\t\t\t<\/div>\r\n\t\t<\/div>\r\n\t<\/div>\t\t\r\n\t\r\n<\/div><div  class=\"ltx-media-element\">\r\n\t<div class=\"row\">\r\n\t\t<div class=\"col-lg-1\">\r\n\t\t\t<div class=\"track\"><h5>02<\/h5><\/div>\r\n\t\t<\/div>\r\n\t\t<div class=\"col-lg-9\">\r\n\t\t\t<div class=\"meta\">\r\n\t\t\t\t<h5 class=\"second\">Juan D A&#039;rienzo<\/h5>\r\n\t\t\t\t<span class=\"author\">Odessa &amp; Istanbul Special Tango Music<\/span>\r\n\t\t\t<\/div>\r\n\t\t<\/div>\r\n\t\t<div class=\"col-lg-2\">\r\n\t\t\t<div class=\"media-content\">\r\n\t\t\t\t<audio class=\"wp-audio-shortcode\" id=\"audio-2093-2\" preload=\"metadata\" style=\"width: 100%;\" controls=\"controls\"><source type=\"audio\/mpeg\" src=\"https:\/\/www.odessaistanbultango.com\/wp-content\/uploads\/2020\/03\/97-Yo-No-Se\u0301-Que-Me-Han-Hecho-Tus-Ojos.m4a?_=2\" \/><a href=\"https:\/\/www.odessaistanbultango.com\/wp-content\/uploads\/2020\/03\/97-Yo-No-Se\u0301-Que-Me-Han-Hecho-Tus-Ojos.m4a\">https:\/\/www.odessaistanbultango.com\/wp-content\/uploads\/2020\/03\/97-Yo-No-Se\u0301-Que-Me-Han-Hecho-Tus-Ojos.m4a<\/a><\/audio>\r\n\t\t\t<\/div>\r\n\t\t<\/div>\r\n\t<\/div>\t\t\r\n\t\r\n<\/div><div  class=\"ltx-media-element\">\r\n\t<div class=\"row\">\r\n\t\t<div class=\"col-lg-1\">\r\n\t\t\t<div class=\"track\"><h5>03<\/h5><\/div>\r\n\t\t<\/div>\r\n\t\t<div class=\"col-lg-9\">\r\n\t\t\t<div class=\"meta\">\r\n\t\t\t\t<h5 class=\"second\">Francisco Canaro<\/h5>\r\n\t\t\t\t<span class=\"author\">Odessa &amp; Istanbul Special Tango Music<\/span>\r\n\t\t\t<\/div>\r\n\t\t<\/div>\r\n\t\t<div class=\"col-lg-2\">\r\n\t\t\t<div class=\"media-content\">\r\n\t\t\t\t<audio class=\"wp-audio-shortcode\" id=\"audio-2093-3\" preload=\"metadata\" style=\"width: 100%;\" controls=\"controls\"><source type=\"audio\/mpeg\" src=\"https:\/\/www.odessaistanbultango.com\/wp-content\/uploads\/2020\/03\/27-Se-dice-de-m\u043d.mp3?_=3\" \/><a href=\"https:\/\/www.odessaistanbultango.com\/wp-content\/uploads\/2020\/03\/27-Se-dice-de-m\u043d.mp3\">https:\/\/www.odessaistanbultango.com\/wp-content\/uploads\/2020\/03\/27-Se-dice-de-m\u043d.mp3<\/a><\/audio>\r\n\t\t\t<\/div>\r\n\t\t<\/div>\r\n\t<\/div>\t\t\r\n\t\r\n<\/div><div class=\"es-resp\">\t<div class=\"hidden-sm hidden-ms hidden-xs\" style=\"height: 120px;\"><\/div>\t<div class=\"hidden-xl hidden-lg hidden-md hidden-xs\" style=\"height: 120px;\"><\/div>\t<div class=\"visible-xs\" style=\"height: 120px;\"><\/div><\/div><\/div><\/div><\/div><\/div><div class=\"vc_row-full-width vc_clearfix\"><\/div><section data-vc-full-width=\"true\" data-vc-full-width-init=\"false\" data-vc-parallax=\"1.5\" class=\"vc_section vc_custom_1515329522144 vc_section-has-fill vc_general vc_parallax vc_parallax-content-moving bg-color-black\"><div class=\"vc_row wpb_row vc_row-fluid\"><div class=\"wpb_column vc_column_container vc_col-sm-12\"><div class=\"vc_column-inner\"><div class=\"wpb_wrapper\"><div class=\"heading  head-subheader align-center color-white subcolor-second transform-all-up\" id=\"like_sc_header_1683074586\"><h5 class=\"subheader\">Different Culture Different Mus\u0131c<\/h5><h2 class=\"header\">DJ'LER\u0130M\u0130Z<\/h2><\/div><div class=\"team-sc  row\"><div class=\"col-md-3 col-sm-6\">\r\n\t<div class=\"team-item item matchHeight item-type-circle\"><a href=\"https:\/\/www.odessaistanbultango.com\/tr\/team\/dj-agi-porvai\/\" class=\"image\"><img width=\"422\" height=\"424\" src=\"https:\/\/www.odessaistanbultango.com\/wp-content\/uploads\/2024\/03\/Agi.png\" class=\"attachment-full size-full\" alt=\"\" loading=\"lazy\" srcset=\"https:\/\/www.odessaistanbultango.com\/wp-content\/uploads\/2024\/03\/Agi.png 422w, https:\/\/www.odessaistanbultango.com\/wp-content\/uploads\/2024\/03\/Agi-300x300.png 300w, https:\/\/www.odessaistanbultango.com\/wp-content\/uploads\/2024\/03\/Agi-150x150.png 150w, https:\/\/www.odessaistanbultango.com\/wp-content\/uploads\/2024\/03\/Agi-12x12.png 12w, https:\/\/www.odessaistanbultango.com\/wp-content\/uploads\/2024\/03\/Agi-75x75.png 75w\" sizes=\"(max-width: 422px) 100vw, 422px\" \/><\/a><a href=\"https:\/\/www.odessaistanbultango.com\/tr\/team\/dj-agi-porvai\/\"><h4>Dj Agi Porvai<\/h4><\/a><p>FROM HUNGARY<\/p><\/div><\/div><div class=\"col-md-3 col-sm-6\">\r\n\t<div class=\"team-item item matchHeight item-type-circle\"><a href=\"https:\/\/www.odessaistanbultango.com\/tr\/team\/dj-engin-arca\/\" class=\"image\"><img width=\"422\" height=\"424\" src=\"https:\/\/www.odessaistanbultango.com\/wp-content\/uploads\/2024\/06\/Engin-Arca.png\" class=\"attachment-full size-full\" alt=\"\" loading=\"lazy\" srcset=\"https:\/\/www.odessaistanbultango.com\/wp-content\/uploads\/2024\/06\/Engin-Arca.png 422w, https:\/\/www.odessaistanbultango.com\/wp-content\/uploads\/2024\/06\/Engin-Arca-300x300.png 300w, https:\/\/www.odessaistanbultango.com\/wp-content\/uploads\/2024\/06\/Engin-Arca-150x150.png 150w, https:\/\/www.odessaistanbultango.com\/wp-content\/uploads\/2024\/06\/Engin-Arca-12x12.png 12w, https:\/\/www.odessaistanbultango.com\/wp-content\/uploads\/2024\/06\/Engin-Arca-75x75.png 75w\" sizes=\"(max-width: 422px) 100vw, 422px\" \/><\/a><a href=\"https:\/\/www.odessaistanbultango.com\/tr\/team\/dj-engin-arca\/\"><h4>Dj Engin Arca<\/h4><\/a><p>FROM CYPRUS<\/p><\/div><\/div><div class=\"col-md-3 col-sm-6\">\r\n\t<div class=\"team-item item matchHeight item-type-circle\"><a href=\"https:\/\/www.odessaistanbultango.com\/tr\/team\/dj-halil-ertekin\/\" class=\"image\"><img width=\"422\" height=\"424\" src=\"https:\/\/www.odessaistanbultango.com\/wp-content\/uploads\/2023\/07\/Halil.png\" class=\"attachment-full size-full\" alt=\"\" loading=\"lazy\" srcset=\"https:\/\/www.odessaistanbultango.com\/wp-content\/uploads\/2023\/07\/Halil.png 422w, https:\/\/www.odessaistanbultango.com\/wp-content\/uploads\/2023\/07\/Halil-300x300.png 300w, https:\/\/www.odessaistanbultango.com\/wp-content\/uploads\/2023\/07\/Halil-150x150.png 150w, https:\/\/www.odessaistanbultango.com\/wp-content\/uploads\/2023\/07\/Halil-12x12.png 12w, https:\/\/www.odessaistanbultango.com\/wp-content\/uploads\/2023\/07\/Halil-75x75.png 75w\" sizes=\"(max-width: 422px) 100vw, 422px\" \/><\/a><a href=\"https:\/\/www.odessaistanbultango.com\/tr\/team\/dj-halil-ertekin\/\"><h4>Dj Halil Ertekin<\/h4><\/a><p>FROM TURKIYE<\/p><\/div><\/div><div class=\"col-md-3 col-sm-6\">\r\n\t<div class=\"team-item item matchHeight item-type-circle\"><a href=\"https:\/\/www.odessaistanbultango.com\/tr\/team\/dj-murat-gurmen\/\" class=\"image\"><img width=\"422\" height=\"424\" src=\"https:\/\/www.odessaistanbultango.com\/wp-content\/uploads\/2022\/11\/Murat-Gurmenn.png\" class=\"attachment-full size-full\" alt=\"\" loading=\"lazy\" srcset=\"https:\/\/www.odessaistanbultango.com\/wp-content\/uploads\/2022\/11\/Murat-Gurmenn.png 422w, https:\/\/www.odessaistanbultango.com\/wp-content\/uploads\/2022\/11\/Murat-Gurmenn-300x300.png 300w, https:\/\/www.odessaistanbultango.com\/wp-content\/uploads\/2022\/11\/Murat-Gurmenn-150x150.png 150w, https:\/\/www.odessaistanbultango.com\/wp-content\/uploads\/2022\/11\/Murat-Gurmenn-12x12.png 12w, https:\/\/www.odessaistanbultango.com\/wp-content\/uploads\/2022\/11\/Murat-Gurmenn-75x75.png 75w\" sizes=\"(max-width: 422px) 100vw, 422px\" \/><\/a><a href=\"https:\/\/www.odessaistanbultango.com\/tr\/team\/dj-murat-gurmen\/\"><h4>Dj Murat Gurmen<\/h4><\/a><p>FROM TURKIYE<\/p><\/div><\/div><div class=\"col-md-3 col-sm-6\">\r\n\t<div class=\"team-item item matchHeight item-type-circle\"><a href=\"https:\/\/www.odessaistanbultango.com\/tr\/team\/murat-tandogan\/\" class=\"image\"><img width=\"422\" height=\"424\" src=\"https:\/\/www.odessaistanbultango.com\/wp-content\/uploads\/2023\/01\/Murat.png\" class=\"attachment-full size-full\" alt=\"\" loading=\"lazy\" srcset=\"https:\/\/www.odessaistanbultango.com\/wp-content\/uploads\/2023\/01\/Murat.png 422w, https:\/\/www.odessaistanbultango.com\/wp-content\/uploads\/2023\/01\/Murat-300x300.png 300w, https:\/\/www.odessaistanbultango.com\/wp-content\/uploads\/2023\/01\/Murat-150x150.png 150w, https:\/\/www.odessaistanbultango.com\/wp-content\/uploads\/2023\/01\/Murat-75x75.png 75w\" sizes=\"(max-width: 422px) 100vw, 422px\" \/><\/a><a href=\"https:\/\/www.odessaistanbultango.com\/tr\/team\/murat-tandogan\/\"><h4>Dj Murat Tandogan<\/h4><\/a><p>FROM TURKIYE<\/p><\/div><\/div><div class=\"col-md-3 col-sm-6\">\r\n\t<div class=\"team-item item matchHeight item-type-circle\"><a href=\"https:\/\/www.odessaistanbultango.com\/tr\/team\/dj-sergios-ltsagkaris\/\" class=\"image\"><img width=\"422\" height=\"424\" src=\"https:\/\/www.odessaistanbultango.com\/wp-content\/uploads\/2021\/03\/Sergios-Tsagkaris.png\" class=\"attachment-full size-full\" alt=\"\" loading=\"lazy\" srcset=\"https:\/\/www.odessaistanbultango.com\/wp-content\/uploads\/2021\/03\/Sergios-Tsagkaris.png 422w, https:\/\/www.odessaistanbultango.com\/wp-content\/uploads\/2021\/03\/Sergios-Tsagkaris-300x300.png 300w, https:\/\/www.odessaistanbultango.com\/wp-content\/uploads\/2021\/03\/Sergios-Tsagkaris-150x150.png 150w, https:\/\/www.odessaistanbultango.com\/wp-content\/uploads\/2021\/03\/Sergios-Tsagkaris-12x12.png 12w, https:\/\/www.odessaistanbultango.com\/wp-content\/uploads\/2021\/03\/Sergios-Tsagkaris-75x75.png 75w\" sizes=\"(max-width: 422px) 100vw, 422px\" \/><\/a><a href=\"https:\/\/www.odessaistanbultango.com\/tr\/team\/dj-sergios-ltsagkaris\/\"><h4>Dj Sergios Tsagkaris<\/h4><\/a><p>FROM GREECE<\/p><\/div><\/div><div class=\"col-md-3 col-sm-6\">\r\n\t<div class=\"team-item item matchHeight item-type-circle\"><a href=\"https:\/\/www.odessaistanbultango.com\/tr\/team\/dj-tatiana-gordinscai\/\" class=\"image\"><img width=\"422\" height=\"424\" src=\"https:\/\/www.odessaistanbultango.com\/wp-content\/uploads\/2021\/04\/Tatiana.png\" class=\"attachment-full size-full\" alt=\"\" loading=\"lazy\" srcset=\"https:\/\/www.odessaistanbultango.com\/wp-content\/uploads\/2021\/04\/Tatiana.png 422w, https:\/\/www.odessaistanbultango.com\/wp-content\/uploads\/2021\/04\/Tatiana-300x300.png 300w, https:\/\/www.odessaistanbultango.com\/wp-content\/uploads\/2021\/04\/Tatiana-150x150.png 150w, https:\/\/www.odessaistanbultango.com\/wp-content\/uploads\/2021\/04\/Tatiana-12x12.png 12w, https:\/\/www.odessaistanbultango.com\/wp-content\/uploads\/2021\/04\/Tatiana-75x75.png 75w\" sizes=\"(max-width: 422px) 100vw, 422px\" \/><\/a><a href=\"https:\/\/www.odessaistanbultango.com\/tr\/team\/dj-tatiana-gordinscai\/\"><h4>Dj Tatiana Gordinscaia<\/h4><\/a><p>FROM MOLDOVA<\/p><\/div><\/div><div class=\"col-md-3 col-sm-6\">\r\n\t<div class=\"team-item item matchHeight item-type-circle\"><a href=\"https:\/\/www.odessaistanbultango.com\/tr\/team\/dj-francisco-ciaschi\/\" class=\"image\"><img width=\"422\" height=\"424\" src=\"https:\/\/www.odessaistanbultango.com\/wp-content\/uploads\/2019\/03\/Franciscoo.png\" class=\"attachment-full size-full\" alt=\"\" loading=\"lazy\" srcset=\"https:\/\/www.odessaistanbultango.com\/wp-content\/uploads\/2019\/03\/Franciscoo.png 422w, https:\/\/www.odessaistanbultango.com\/wp-content\/uploads\/2019\/03\/Franciscoo-300x300.png 300w, https:\/\/www.odessaistanbultango.com\/wp-content\/uploads\/2019\/03\/Franciscoo-150x150.png 150w, https:\/\/www.odessaistanbultango.com\/wp-content\/uploads\/2019\/03\/Franciscoo-12x12.png 12w, https:\/\/www.odessaistanbultango.com\/wp-content\/uploads\/2019\/03\/Franciscoo-75x75.png 75w\" sizes=\"(max-width: 422px) 100vw, 422px\" \/><\/a><a href=\"https:\/\/www.odessaistanbultango.com\/tr\/team\/dj-francisco-ciaschi\/\"><h4>Dj Francesco Ciaschi<\/h4><\/a><p>FROM ITALY<\/p><\/div><\/div><\/div><div class=\"btn-wrap align-center\"><a href=\"http:\/\/www.odessaistanbultango.com\/tr\/contacts\/\" class=\"btn  btn-xs btn-second transform-default color-text-white color-hover-main align-center\" id=\"like_sc_button_47108093\">Daha fazla<\/a><\/div><div class=\"es-resp\">\t<div class=\"hidden-sm hidden-ms hidden-xs\" style=\"height: 110px;\"><\/div>\t<div class=\"hidden-xl hidden-lg hidden-md hidden-xs\" style=\"height: 110px;\"><\/div>\t<div class=\"visible-xs\" style=\"height: 110px;\"><\/div><\/div><\/div><\/div><\/div><\/div><div class=\"vc_row wpb_row vc_row-fluid\"><div class=\"wpb_column vc_column_container vc_col-sm-12\"><div class=\"vc_column-inner\"><div class=\"wpb_wrapper\"><\/div><\/div><\/div><\/div><\/section><div class=\"vc_row-full-width vc_clearfix\"><\/div><section data-vc-full-width=\"true\" data-vc-full-width-init=\"false\" data-vc-parallax=\"1.5\" class=\"vc_section vc_custom_1515329522144 vc_section-has-fill vc_general vc_parallax vc_parallax-content-moving bg-color-black\"><div class=\"vc_row wpb_row vc_row-fluid\"><div class=\"wpb_column vc_column_container vc_col-sm-12\"><div class=\"vc_column-inner\"><div class=\"wpb_wrapper\"><\/div><\/div><\/div><\/div><\/section><div class=\"vc_row-full-width vc_clearfix\"><\/div><section id=\"neon-bubbles\" data-vc-full-width=\"true\" data-vc-full-width-init=\"false\" class=\"vc_section bg-color-black\"><div class=\"vc_row wpb_row vc_row-fluid\"><div class=\"wpb_column vc_column_container vc_col-sm-12\"><div class=\"vc_column-inner\"><div class=\"wpb_wrapper\"><div class=\"heading  head-subheader align-center color-white subcolor-second transform-all-up\" id=\"like_sc_header_1668594786\"><h5 class=\"subheader\">GALAR\u0130<\/h5><h2 class=\"header\">EN SON FOTO\u011eRAFLAR<\/h2><\/div><!-- vc_grid start -->\n<div class=\"vc_grid-container-wrapper vc_clearfix\" >\n\t<div class=\"vc_grid-container vc_clearfix wpb_content_element vc_media_grid\" data-initial-loading-animation=\"fadeIn\" data-vc-grid-settings=\"{&quot;page_id&quot;:3907,&quot;style&quot;:&quot;all&quot;,&quot;action&quot;:&quot;vc_get_vc_grid_data&quot;,&quot;shortcode_id&quot;:&quot;{\\&quot;failed_to_get_id\\&quot;:\\&quot;vc_gid:1772464085379-343713553eabdd947d4646bada5c7485-0\\&quot;}&quot;,&quot;tag&quot;:&quot;vc_media_grid&quot;}\" data-vc-request=\"https:\/\/www.odessaistanbultango.com\/wp-admin\/admin-ajax.php\" data-vc-post-id=\"3907\" data-vc-public-nonce=\"fbabd6be40\">\n\t\t\t<\/div>\n<\/div><!-- vc_grid end -->\n<div class=\"btn-wrap align-center\"><a href=\"http:\/\/www.odessaistanbultango.com\/tr\/2018-june-odessa\/\" class=\"btn  btn-xs btn-second transform-default color-text-white color-hover-main align-center\" id=\"like_sc_button_1401746046\">2018 June Gallery<\/a><\/div><div class=\"btn-wrap align-center\"><a href=\"http:\/\/www.odessaistanbultango.com\/tr\/2019-february-odessa\/\" class=\"btn  btn-xs btn-second transform-default color-text-white color-hover-main align-center\" id=\"like_sc_button_948087948\">2019 February Gallery<\/a><\/div><div class=\"btn-wrap align-center\"><a href=\"http:\/\/www.odessaistanbultango.com\/tr\/2019-august-odessa\/\" class=\"btn  btn-xs btn-second transform-default color-text-white color-hover-main align-center\" id=\"like_sc_button_1585524111\">2019 August Gallery<\/a><\/div><div class=\"btn-wrap align-center\"><a href=\"http:\/\/www.odessaistanbultango.com\/tr\/2020-february-odessa\/\" class=\"btn  btn-xs btn-second transform-default color-text-white color-hover-main align-center\" id=\"like_sc_button_332986503\">2020 February Odessa<\/a><\/div><div class=\"btn-wrap align-center\"><a href=\"http:\/\/www.odessaistanbultango.com\/tr\/2021-february-odessa\/\" class=\"btn  btn-xs btn-second transform-default color-text-white color-hover-main align-center\" id=\"like_sc_button_1419546994\">2021 February Odessa<\/a><\/div><div class=\"es-resp\">\t<div class=\"hidden-sm hidden-ms hidden-xs\" style=\"height: 72px;\"><\/div>\t<div class=\"hidden-xl hidden-lg hidden-md hidden-xs\" style=\"height: 72px;\"><\/div>\t<div class=\"visible-xs\" style=\"height: 72px;\"><\/div><\/div><\/div><\/div><\/div><\/div><\/section><div class=\"vc_row-full-width vc_clearfix\"><\/div><div class=\"vc_row wpb_row vc_row-fluid\"><div class=\"wpb_column vc_column_container vc_col-sm-12\"><div class=\"vc_column-inner\"><div class=\"wpb_wrapper\">\n\t<div class=\"wpb_text_column wpb_content_element\" >\n\t\t<div class=\"wpb_wrapper\">\n\t\t\t\n\t\t<\/div>\n\t<\/div>\n<\/div><\/div><\/div><\/div>","protected":false},"excerpt":{"rendered":"Dj Francesco C\u0131asch\u0131``Francesco is an Italian dancer, teacher, and musicalizador of Tango Argentino, living in Berlin.In the last twelve years he has worked and traveled in Europe, Asia and South America, collaborating with many prominent artistic personalities at the most important tango events.He is a recognized Tango DJ with international fame. Basing his sets on [...]","protected":false},"author":1,"featured_media":0,"parent":0,"menu_order":0,"comment_status":"closed","ping_status":"closed","template":"","meta":[],"_links":{"self":[{"href":"https:\/\/www.odessaistanbultango.com\/tr\/wp-json\/wp\/v2\/pages\/2093"}],"collection":[{"href":"https:\/\/www.odessaistanbultango.com\/tr\/wp-json\/wp\/v2\/pages"}],"about":[{"href":"https:\/\/www.odessaistanbultango.com\/tr\/wp-json\/wp\/v2\/types\/page"}],"author":[{"embeddable":true,"href":"https:\/\/www.odessaistanbultango.com\/tr\/wp-json\/wp\/v2\/users\/1"}],"replies":[{"embeddable":true,"href":"https:\/\/www.odessaistanbultango.com\/tr\/wp-json\/wp\/v2\/comments?post=2093"}],"version-history":[{"count":145,"href":"https:\/\/www.odessaistanbultango.com\/tr\/wp-json\/wp\/v2\/pages\/2093\/revisions"}],"predecessor-version":[{"id":6017,"href":"https:\/\/www.odessaistanbultango.com\/tr\/wp-json\/wp\/v2\/pages\/2093\/revisions\/6017"}],"wp:attachment":[{"href":"https:\/\/www.odessaistanbultango.com\/tr\/wp-json\/wp\/v2\/media?parent=2093"}],"curies":[{"name":"wp","href":"https:\/\/api.w.org\/{rel}","templated":true}]}}